{"id":1305,"date":"2022-03-23T23:23:25","date_gmt":"2022-03-23T23:23:25","guid":{"rendered":"https:\/\/redimatiserveis.es\/aviso-legal\/"},"modified":"2023-05-03T13:20:49","modified_gmt":"2023-05-03T13:20:49","slug":"aviso-legal","status":"publish","type":"page","link":"https:\/\/redimatiserveis.es\/es\/aviso-legal\/","title":{"rendered":"Aviso Legal"},"content":{"rendered":"<div class=\"container\">\n<div class=\"row\">\n<div class=\"col-sm-12\">\n<p><span style=\"font-family: 'Questrial', sans-serif; color: #000; font-size: 24px;\"><strong>IDENTIFICACI\u00d3 DEL TITULAR<\/strong><\/span><\/p>\n<p>REDIMAT I SERVEIS SL  amb domicili social situat al C\/ DE GAV\u00c1 2.   08014-BARCELONA i amb CIF B66673518.<\/p>\n<p><span style=\"font-family: 'Questrial', sans-serif; color: #000; font-size: 24px;\"><strong>CONDICIONS D&#8217;\u00daS <\/strong><\/span><\/p>\n<p>Mitjan\u00e7ant la web www.dominio.es es facilita l\u2019acc\u00e9s al Portal web per oferir als Usuaris l\u2019acc\u00e9s general a la informaci\u00f3, activitats, productes i serveis que l\u2019esmentada entitat ofereix. El fet de connectar-se a aquesta p\u00e0gina web atribueix al navegant la condici\u00f3 d&#8217;Usuari del lloc, la qual cosa implica l\u2019acceptaci\u00f3 del present Av\u00eds Legal. Per aix\u00f2, REDIMAT I SERVEIS SL  recomana a l\u2019Usuari llegir-lo cada cop que accedeixi al Lloc web.<br \/>\nL\u2019Usuari es compromet a no utilitzar cap dels continguts que REDIMAT I SERVEIS SL  posi a la seva disposici\u00f3 per desenvolupar activitats contr\u00e0ries a les lleis, a la moral o a l&#8217;ordre p\u00fablic i, en general, a fer un \u00fas d\u2019acord amb les presents condicions; i respondr\u00e0 davant de REDIMAT I SERVEIS SL  i\/o davant de tercers, de qualsevol dany i perjudici que es pogu\u00e9s causar com a conseq\u00fc\u00e8ncia de l\u2019incompliment d\u2019aquesta obligaci\u00f3. Qui fa servir aquest lloc web, ho fa sota la seva responsabilitat. REDIMAT I SERVEIS SL  es reserva el dret a interrompre l\u2019acc\u00e9s al seu Lloc web, a serveis i continguts del Portal, de manera temporal o definitiva, quan aix\u00ed ho consideri convenient i sense av\u00eds previ, ja sigui per motius t\u00e8cnics, de seguretat, de control, de manteniment, per fallades de subministrament el\u00e8ctric o per qualsevol altra causa. REDIMAT I SERVEIS SL  es reserva el dret a alterar, en tot moment i sense av\u00eds previ, la configuraci\u00f3, la presentaci\u00f3 o el disseny de la seva web, aix\u00ed com alguns o tots els continguts, i modificar les condicions d&#8217;\u00fas exposades en aquest Av\u00eds Legal.<\/p>\n<p><span style=\"font-family: 'Questrial', sans-serif; color: #000; font-size: 24px;\"><strong>POL\u00cdTICA DE PRIVACITAT I PROTECCI\u00d3 DE DADES<\/strong><\/span><\/p>\n<p>Totes les dades de car\u00e0cter personal que siguin facilitades per l\u2019Usuari a trav\u00e9s del correu electr\u00f2nic es tractaran amb estricta confidencialitat d&#8217;acord amb la Llei Org\u00e0nica 15\/1999, de 13 de desembre, de Protecci\u00f3 de Dades de car\u00e0cter personal. De manera expressa, l&#8217;Usuari queda informat que les dades seran incorporades a fitxers existents a REDIMAT I SERVEIS SL  i que t\u00e9 dret d&#8217;acc\u00e9s, de rectificaci\u00f3, de cancel\u00b7laci\u00f3 i d\u2019oposici\u00f3 de les mateixes, i que pot exercitar tals drets enviant per escrit una sol\u00b7licitud a l&#8217;adre\u00e7a de REDIMAT I SERVEIS SL , en la qual consti el fitxer o fitxers a consultar. Mitjan\u00e7ant l&#8217;enviament d&#8217;un correu electr\u00f2nic per part de l&#8217;Usuari, el remitent presta el seu consentiment al tractament automatitzat de les dades incloses en el mateix. Les dades que es facilitin s\u2019utilitzaran per a fins comercials, sent els destinataris els serveis administratius, comercials i t\u00e8cnics de REDIMAT I SERVEIS SL  adoptar\u00e0 les mesures que calguin per evitar l\u2019alteraci\u00f3, tractament, p\u00e8rdua o acc\u00e9s no autoritzat de les dades de car\u00e0cter personal, tenint en compte l\u2019estat de la tecnologia, la naturalesa de les dades emmagatzemades i els riscos a qu\u00e8 estan exposades, en nom del compliment de la seva obligaci\u00f3 de secret i del deure de guarda de les mateixes.<br \/>\nIgualment, REDIMAT I SERVEIS SL  queda autoritzada per enviar a l\u2019Usuari informacions comercials i t\u00e8cniques dels seus productes. En cas de comunicacions comercials i t\u00e8cniques enviades a trav\u00e9s de correu electr\u00f2nic o mitj\u00e0 equivalent, l\u2019Usuari ens d\u00f3na el seu consentiment per a l\u2019enviament de publicitat a trav\u00e9s d\u2019aquest mitj\u00e0.<\/p>\n<p><span style=\"font-family: 'Questrial', sans-serif; color: #000; font-size: 24px;\"><strong>RESPONSABILITAT<\/strong><\/span><\/p>\n<p>REDIMAT I SERVEIS SL  no es responsabilitza de la mala utilitzaci\u00f3 que facin els Usuaris d\u2019Internet dels continguts de la p\u00e0gina web, sent l\u2019Usuari l&#8217;\u00fanic responsable de les infraccions en qu\u00e8 pugui inc\u00f3rrer. De la mateixa manera, rebutja la responsabilitat sobre qualsevol informaci\u00f3 no continguda en aquestes p\u00e0gines web i, per tant, no elaborada per REDIMAT I SERVEIS SL  o no publicada amb el seu nom. REDIMAT I SERVEIS SL  no es far\u00e0 responsable d\u2019interrupcions del servei, demores, errors, mal funcionament del mateix i, en general, altres inconvenients que tinguin el seu origen en causes que escapen del control de REDIMAT I SERVEIS SL , i\/o degut a una actuaci\u00f3 dolosa o culpable de l\u2019Usuari i\/o tingui per origen causes de for\u00e7a major. Sense perjudici del que estableix l&#8217;article 1105 del Codi Civil, s\u2019entendran per causes de for\u00e7a major, a m\u00e9s, i als efectes de les presents condicions generals, tots aquells esdeveniments esdevinguts fora del control de REDIMAT I SERVEIS SL , com ara: fallada de tercers, operadors o companyies de serveis, actes de Govern, falta d\u2019acc\u00e9s a xarxes de tercers, actes o omissions de les autoritats p\u00fabliques, aquells altres produ\u00efts com a conseq\u00fc\u00e8ncia de fen\u00f2mens naturals, apagades, etc. i l\u2019atac de Hackers, o tercers especialitzats, a la seguretat o integritat del sistema inform\u00e0tic, sempre que REDIMAT I SERVEIS SL  hagi adoptat totes les mesures de seguretat existents d\u2019acord amb l\u2019estat de la t\u00e8cnica. En tot cas, independentment de la causa, REDIMAT I SERVEIS SL  no assumir\u00e0 cap responsabilitat per danys directes o indirectes, dany emergent i\/o per lucre cessant. REDIMAT I SERVEIS SL  tindr\u00e0 dret, sense que existeixi cap indemnitzaci\u00f3 a l\u2019Usuari per aquests conceptes, a suspendre temporalment els serveis i continguts del Lloc web per efectuar operacions de manteniment, millora o reparaci\u00f3 dels mateixos.<br \/>\nREDIMAT I SERVEIS SL  no es fa responsable de possibles danys i perjudicis que es puguin derivar en els equips dels Usuaris per possibles virus inform\u00e0tics contrets per l\u2019Usuari a causa de la navegaci\u00f3 en el Lloc web, o per qualsevol altre dany derivat d\u2019aquesta navegaci\u00f3.<br \/>\nREDIMAT I SERVEIS SL  no es fa responsable de la veracitat, falta d\u2019utilitat o adequaci\u00f3 per a un \u00fas espec\u00edfic d\u2019aquest Lloc web ni dels continguts; de la p\u00e8rdua de dades o serveis com a conseq\u00fc\u00e8ncia de qualsevol retard, falta de lliurament, lliurament incorrecte dels productes exposats o interrupci\u00f3 del servei; de l\u2019exactitud, qualitat o naturalesa de la informaci\u00f3 obtinguda a trav\u00e9s dels seus continguts.<br \/>\nEn qualsevol cas, la informaci\u00f3 proporcionada en aquest Lloc web es dirigeix a complementar i no a reempla\u00e7ar l\u2019assessorament que en tot cas s\u2019ha d\u2019obtenir directament de professionals competents.<\/p>\n<p><span style=\"font-family: 'Questrial', sans-serif; color: #000; font-size: 24px;\"><strong>JURISDICCI\u00d3 I LLEI APLICABLE <\/strong><\/span><\/p>\n<p>Per a qualsevol controv\u00e8rsia relacionada amb el present av\u00eds legal les parts accepten la submissi\u00f3 expressa als jutjats del domicili fiscal de REDIMAT I SERVEIS SL  (Espanya) i la legislaci\u00f3 estatal i auton\u00f2mica corresponent.<\/p>\n<\/div>\n<\/div>\n<\/div>\n","protected":false},"excerpt":{"rendered":"<p>IDENTIFICACI\u00d3 DEL TITULAR REDIMAT I SERVEIS SL amb domicili social situat al C\/ DE GAV\u00c1 2. 08014-BARCELONA i amb CIF B66673518. CONDICIONS D&#8217;\u00daS Mitjan\u00e7ant la web www.dominio.es es facilita l\u2019acc\u00e9s al Portal web per oferir als Usuaris l\u2019acc\u00e9s general a la informaci\u00f3, activitats, productes i serveis que l\u2019esmentada entitat ofereix. El fet de connectar-se a [&hellip;]<\/p>\n","protected":false},"author":1,"featured_media":0,"parent":0,"menu_order":0,"comment_status":"closed","ping_status":"closed","template":"","meta":{"footnotes":""},"class_list":["post-1305","page","type-page","status-publish","hentry"],"yoast_head":"<!-- This site is optimized with the Yoast SEO plugin v20.10 - https:\/\/yoast.com\/wordpress\/plugins\/seo\/ -->\n<title>Aviso Legal - Redimat i Serveis<\/title>\n<meta name=\"robots\" content=\"index, follow, max-snippet:-1, max-image-preview:large, max-video-preview:-1\" \/>\n<link rel=\"canonical\" href=\"https:\/\/redimatiserveis.es\/es\/aviso-legal\/\" \/>\n<meta property=\"og:locale\" content=\"es_ES\" \/>\n<meta property=\"og:type\" content=\"article\" \/>\n<meta property=\"og:title\" content=\"Aviso Legal - Redimat i Serveis\" \/>\n<meta property=\"og:description\" content=\"IDENTIFICACI\u00d3 DEL TITULAR REDIMAT I SERVEIS SL amb domicili social situat al C\/ DE GAV\u00c1 2. 08014-BARCELONA i amb CIF B66673518. CONDICIONS D&#8217;\u00daS Mitjan\u00e7ant la web www.dominio.es es facilita l\u2019acc\u00e9s al Portal web per oferir als Usuaris l\u2019acc\u00e9s general a la informaci\u00f3, activitats, productes i serveis que l\u2019esmentada entitat ofereix. El fet de connectar-se a [&hellip;]\" \/>\n<meta property=\"og:url\" content=\"https:\/\/redimatiserveis.es\/es\/aviso-legal\/\" \/>\n<meta property=\"og:site_name\" content=\"Redimat i Serveis\" \/>\n<meta property=\"article:modified_time\" content=\"2023-05-03T13:20:49+00:00\" \/>\n<meta name=\"twitter:card\" content=\"summary_large_image\" \/>\n<meta name=\"twitter:label1\" content=\"Tiempo de lectura\" \/>\n\t<meta name=\"twitter:data1\" content=\"6 minutos\" \/>\n<script type=\"application\/ld+json\" class=\"yoast-schema-graph\">{\"@context\":\"https:\/\/schema.org\",\"@graph\":[{\"@type\":\"WebPage\",\"@id\":\"https:\/\/redimatiserveis.es\/es\/aviso-legal\/\",\"url\":\"https:\/\/redimatiserveis.es\/es\/aviso-legal\/\",\"name\":\"Aviso Legal - Redimat i Serveis\",\"isPartOf\":{\"@id\":\"https:\/\/redimatiserveis.es\/es\/#website\"},\"datePublished\":\"2022-03-23T23:23:25+00:00\",\"dateModified\":\"2023-05-03T13:20:49+00:00\",\"breadcrumb\":{\"@id\":\"https:\/\/redimatiserveis.es\/es\/aviso-legal\/#breadcrumb\"},\"inLanguage\":\"es\",\"potentialAction\":[{\"@type\":\"ReadAction\",\"target\":[\"https:\/\/redimatiserveis.es\/es\/aviso-legal\/\"]}]},{\"@type\":\"BreadcrumbList\",\"@id\":\"https:\/\/redimatiserveis.es\/es\/aviso-legal\/#breadcrumb\",\"itemListElement\":[{\"@type\":\"ListItem\",\"position\":1,\"name\":\"Portada\",\"item\":\"https:\/\/redimatiserveis.es\/es\/\"},{\"@type\":\"ListItem\",\"position\":2,\"name\":\"Aviso Legal\"}]},{\"@type\":\"WebSite\",\"@id\":\"https:\/\/redimatiserveis.es\/es\/#website\",\"url\":\"https:\/\/redimatiserveis.es\/es\/\",\"name\":\"Redimat i Serveis\",\"description\":\"Reformes a Barcelona \",\"potentialAction\":[{\"@type\":\"SearchAction\",\"target\":{\"@type\":\"EntryPoint\",\"urlTemplate\":\"https:\/\/redimatiserveis.es\/es\/?s={search_term_string}\"},\"query-input\":\"required name=search_term_string\"}],\"inLanguage\":\"es\"}]}<\/script>\n<!-- \/ Yoast SEO plugin. -->","yoast_head_json":{"title":"Aviso Legal - Redimat i Serveis","robots":{"index":"index","follow":"follow","max-snippet":"max-snippet:-1","max-image-preview":"max-image-preview:large","max-video-preview":"max-video-preview:-1"},"canonical":"https:\/\/redimatiserveis.es\/es\/aviso-legal\/","og_locale":"es_ES","og_type":"article","og_title":"Aviso Legal - Redimat i Serveis","og_description":"IDENTIFICACI\u00d3 DEL TITULAR REDIMAT I SERVEIS SL amb domicili social situat al C\/ DE GAV\u00c1 2. 08014-BARCELONA i amb CIF B66673518. CONDICIONS D&#8217;\u00daS Mitjan\u00e7ant la web www.dominio.es es facilita l\u2019acc\u00e9s al Portal web per oferir als Usuaris l\u2019acc\u00e9s general a la informaci\u00f3, activitats, productes i serveis que l\u2019esmentada entitat ofereix. El fet de connectar-se a [&hellip;]","og_url":"https:\/\/redimatiserveis.es\/es\/aviso-legal\/","og_site_name":"Redimat i Serveis","article_modified_time":"2023-05-03T13:20:49+00:00","twitter_card":"summary_large_image","twitter_misc":{"Tiempo de lectura":"6 minutos"},"schema":{"@context":"https:\/\/schema.org","@graph":[{"@type":"WebPage","@id":"https:\/\/redimatiserveis.es\/es\/aviso-legal\/","url":"https:\/\/redimatiserveis.es\/es\/aviso-legal\/","name":"Aviso Legal - Redimat i Serveis","isPartOf":{"@id":"https:\/\/redimatiserveis.es\/es\/#website"},"datePublished":"2022-03-23T23:23:25+00:00","dateModified":"2023-05-03T13:20:49+00:00","breadcrumb":{"@id":"https:\/\/redimatiserveis.es\/es\/aviso-legal\/#breadcrumb"},"inLanguage":"es","potentialAction":[{"@type":"ReadAction","target":["https:\/\/redimatiserveis.es\/es\/aviso-legal\/"]}]},{"@type":"BreadcrumbList","@id":"https:\/\/redimatiserveis.es\/es\/aviso-legal\/#breadcrumb","itemListElement":[{"@type":"ListItem","position":1,"name":"Portada","item":"https:\/\/redimatiserveis.es\/es\/"},{"@type":"ListItem","position":2,"name":"Aviso Legal"}]},{"@type":"WebSite","@id":"https:\/\/redimatiserveis.es\/es\/#website","url":"https:\/\/redimatiserveis.es\/es\/","name":"Redimat i Serveis","description":"Reformes a Barcelona ","potentialAction":[{"@type":"SearchAction","target":{"@type":"EntryPoint","urlTemplate":"https:\/\/redimatiserveis.es\/es\/?s={search_term_string}"},"query-input":"required name=search_term_string"}],"inLanguage":"es"}]}},"_links":{"self":[{"href":"https:\/\/redimatiserveis.es\/es\/wp-json\/wp\/v2\/pages\/1305","targetHints":{"allow":["GET"]}}],"collection":[{"href":"https:\/\/redimatiserveis.es\/es\/wp-json\/wp\/v2\/pages"}],"about":[{"href":"https:\/\/redimatiserveis.es\/es\/wp-json\/wp\/v2\/types\/page"}],"author":[{"embeddable":true,"href":"https:\/\/redimatiserveis.es\/es\/wp-json\/wp\/v2\/users\/1"}],"replies":[{"embeddable":true,"href":"https:\/\/redimatiserveis.es\/es\/wp-json\/wp\/v2\/comments?post=1305"}],"version-history":[{"count":4,"href":"https:\/\/redimatiserveis.es\/es\/wp-json\/wp\/v2\/pages\/1305\/revisions"}],"predecessor-version":[{"id":1391,"href":"https:\/\/redimatiserveis.es\/es\/wp-json\/wp\/v2\/pages\/1305\/revisions\/1391"}],"wp:attachment":[{"href":"https:\/\/redimatiserveis.es\/es\/wp-json\/wp\/v2\/media?parent=1305"}],"curies":[{"name":"wp","href":"https:\/\/api.w.org\/{rel}","templated":true}]}}